{"id":95,"date":"2021-03-21T12:11:47","date_gmt":"2021-03-21T11:11:47","guid":{"rendered":"http:\/\/www.ilgirasoledeifolletti.it\/?page_id=95"},"modified":"2021-03-27T10:21:18","modified_gmt":"2021-03-27T09:21:18","slug":"giornata-tipo","status":"publish","type":"page","link":"http:\/\/www.ilgirasoledeifolletti.it\/?page_id=95","title":{"rendered":"GIORNATA TIPO"},"content":{"rendered":"<h2><small><span class=\"TITLE_WHITE\"><strong>al Giardino dei Folletti\u00a0<\/strong><\/span><\/small><small><span class=\"TITLE_WHITE\"><strong>\u00c8\u00a0<\/strong><\/span><\/small><small><span class=\"TITLE_WHITE\"><strong>SEMPRE IL TEMPO GIUSTO<\/strong><\/span><\/small><\/h2>\n<p><img loading=\"lazy\" decoding=\"async\" class=\"aligncenter wp-image-99 size-full\" src=\"http:\/\/www.ilgirasoledeifolletti.it\/wp-content\/uploads\/2021\/03\/giornata.jpg\" alt=\"\" width=\"1359\" height=\"242\" srcset=\"http:\/\/www.ilgirasoledeifolletti.it\/wp-content\/uploads\/2021\/03\/giornata.jpg 1359w, http:\/\/www.ilgirasoledeifolletti.it\/wp-content\/uploads\/2021\/03\/giornata-300x53.jpg 300w, http:\/\/www.ilgirasoledeifolletti.it\/wp-content\/uploads\/2021\/03\/giornata-1024x182.jpg 1024w, http:\/\/www.ilgirasoledeifolletti.it\/wp-content\/uploads\/2021\/03\/giornata-768x137.jpg 768w\" sizes=\"auto, (max-width: 1359px) 100vw, 1359px\" \/><\/p>\n\n\n<figure class=\"wp-block-table\"><table><tbody><tr><td class=\"has-text-align-left\" data-align=\"left\"><strong><em>\u2022<\/em> 7.30 &#8211; 9.30 &#8220;Benvenuti&#8221;<\/strong><\/td><td class=\"has-text-align-left\" data-align=\"left\">E&#8217; il momento dell&#8217;accoglienza dei bambini del pre-scuola.<br>I bambini vengono accolti nella spazio dedicato all\u2019accoglienza. Le educatrici cureranno in maniera armoniosa il distacco dal&nbsp;familiare del bimbo e lo introdurranno nel gruppo dei piccoli gi\u00e0 arrivati nella struttura.<\/td><\/tr><tr><td class=\"has-text-align-left\" data-align=\"left\"><strong>\u2022 9.30 &#8211; 10.00 &#8220;Spuntino Fruttoso&#8221;<\/strong><\/td><td class=\"has-text-align-left\" data-align=\"left\">Fruit Break&nbsp;e via libera alle canzoncine.<\/td><\/tr><tr><td class=\"has-text-align-left\" data-align=\"left\"><strong>\u2022 10.00 &#8211; 11.15 &#8220;Giochiamo&#8221;<\/strong><\/td><td class=\"has-text-align-left\" data-align=\"left\">Proposte di gioco adatte alle diverse&nbsp;et\u00e0 dei bambini.<\/td><\/tr><tr><td class=\"has-text-align-left\" data-align=\"left\"><strong>\u2022 11.15 &#8211; 11.45 &#8220;Cambio &amp; Igiene&#8221;<\/strong><\/td><td class=\"has-text-align-left\" data-align=\"left\">Ogni gruppo di bambini viene accompagnato dalla propria educatrice in bagno per il cambio del pannolino e per lavare&nbsp;le mani prima del pranzo.<br>Secondo i loro specifici bisogni, i bambini vengono cambiati pi\u00f9 volte durante la giornata.<\/td><\/tr><tr><td class=\"has-text-align-left\" data-align=\"left\"><strong>\u2022 11.45 &#8211; 12.30 &#8220;W la Pappa&#8221;<\/strong><\/td><td class=\"has-text-align-left\" data-align=\"left\">Oltre al pranzo un\u2019occasione importante per socializzare. A tavola infatti si apprendono tante piccole regole per diventare grandi.<br>Attraverso la manipolazione dei cibi, i bambini scoprono nuove sensazioni e incontrano sapori diversi, assaggiando nuovi piatti.<br>Durante il pasto vengono rispettati i tempi&nbsp;di ciascun bambino per vivere questo momento in&nbsp;serenit\u00e0 e piena convivialit\u00e0.<br>Naturalmente i bimbi pi\u00f9 piccoli sono assistiti e&nbsp;imboccati, mentre&nbsp;per favorire l\u2019autonomia dei pi\u00f9 grandi, le educatrici intervengono senza&nbsp;aiutarli direttamente a mangiare.<br>Le educatrici&nbsp;siedono al tavolo insieme ad ogni gruppo; viene servito&nbsp;un carrello per ogni tavolo, con tutto l\u2019occorrente per fare in modo che l\u2019educatrice possa continuare &nbsp;a stare seduta e seguire il proprio gruppo.<\/td><\/tr><tr><td class=\"has-text-align-left\" data-align=\"left\"><strong>\u2022 12.45 -13.00 &#8220;Prima Uscita&#8221;<\/strong><\/td><td class=\"has-text-align-left\" data-align=\"left\">Turno di uscita per chi ne abbia fatto richiesta.<\/td><\/tr><tr><td class=\"has-text-align-left\" data-align=\"left\"><strong>\u2022 13.00 &#8220;Ninna&#8221;<\/strong><\/td><td class=\"has-text-align-left\" data-align=\"left\">Ci prepariamo per fare un sano pisolino pomeridiano. Questo momento \u00e8 molto importante per il bambino, per questo&nbsp;l\u2019educatrice lo accompagna seguendo per ognuno un rituale personalizzato (la proposta di un oggetto personale, una coccola particolare, una melodia musicale del carillon).<\/td><\/tr><tr><td class=\"has-text-align-left\" data-align=\"left\"><strong>\u2022 15.00 -15.30 &#8220;Risveglio&#8221;<\/strong><\/td><td class=\"has-text-align-left\" data-align=\"left\">Una fase importante in cui&nbsp;la presenza delle educatrici permetter\u00e0 ai bambini di riprendere gradualmente contatto con l\u2019ambiente che li circonda, accompagnandoli in un sereno risveglio.<\/td><\/tr><tr><td class=\"has-text-align-left\" data-align=\"left\"><strong>\u2022 15.30 -16.00 &#8220;Saluto&#8221;<\/strong><\/td><td class=\"has-text-align-left\" data-align=\"left\">I bambini attenderanno l\u2019arrivo dei genitori, dove ci saranno a loro disposizione&nbsp;giochi e altri intrattenimenti.<\/td><\/tr><tr><td class=\"has-text-align-left\" data-align=\"left\"><strong>\u2022 16.00 -16.30 &#8220;Merenda&#8221;<\/strong><\/td><td class=\"has-text-align-left\" data-align=\"left\">I bambini del post-scuola faranno una sana merenda.<\/td><\/tr><tr><td class=\"has-text-align-left\" data-align=\"left\"><strong>\u2022 16.30-18.00 &#8220;Seconda Uscita&#8221;<\/strong><\/td><td class=\"has-text-align-left\" data-align=\"left\">I bambini rimasti attenderanno piacevolmente l&#8217;uscita in sezione, con&nbsp;giochi e altri allegri passatempi.<\/td><\/tr><\/tbody><\/table><\/figure>\n","protected":false},"excerpt":{"rendered":"<p>al Giardino dei Folletti\u00a0\u00c8\u00a0SEMPRE IL TEMPO GIUSTO \u2022 7.30 &#8211; 9.30 &#8220;Benvenuti&#8221; E&#8217; il momento dell&#8217;accoglienza dei bambini del pre-scuola.I &hellip; <a href=\"http:\/\/www.ilgirasoledeifolletti.it\/?page_id=95\" class=\"more-link\"><span class=\"more-button\">Continue Reading<span class=\"screen-reader-text\">GIORNATA TIPO<\/span><\/span><\/a><\/p>\n","protected":false},"author":1,"featured_media":0,"parent":0,"menu_order":0,"comment_status":"closed","ping_status":"closed","template":"","meta":{"footnotes":""},"class_list":["post-95","page","type-page","status-publish","hentry"],"_links":{"self":[{"href":"http:\/\/www.ilgirasoledeifolletti.it\/index.php?rest_route=\/wp\/v2\/pages\/95","targetHints":{"allow":["GET"]}}],"collection":[{"href":"http:\/\/www.ilgirasoledeifolletti.it\/index.php?rest_route=\/wp\/v2\/pages"}],"about":[{"href":"http:\/\/www.ilgirasoledeifolletti.it\/index.php?rest_route=\/wp\/v2\/types\/page"}],"author":[{"embeddable":true,"href":"http:\/\/www.ilgirasoledeifolletti.it\/index.php?rest_route=\/wp\/v2\/users\/1"}],"replies":[{"embeddable":true,"href":"http:\/\/www.ilgirasoledeifolletti.it\/index.php?rest_route=%2Fwp%2Fv2%2Fcomments&post=95"}],"version-history":[{"count":10,"href":"http:\/\/www.ilgirasoledeifolletti.it\/index.php?rest_route=\/wp\/v2\/pages\/95\/revisions"}],"predecessor-version":[{"id":334,"href":"http:\/\/www.ilgirasoledeifolletti.it\/index.php?rest_route=\/wp\/v2\/pages\/95\/revisions\/334"}],"wp:attachment":[{"href":"http:\/\/www.ilgirasoledeifolletti.it\/index.php?rest_route=%2Fwp%2Fv2%2Fmedia&parent=95"}],"curies":[{"name":"wp","href":"https:\/\/api.w.org\/{rel}","templated":true}]}}