{"id":86,"date":"2021-03-21T11:31:38","date_gmt":"2021-03-21T10:31:38","guid":{"rendered":"http:\/\/www.ilgirasoledeifolletti.it\/?page_id=86"},"modified":"2021-03-26T23:54:38","modified_gmt":"2021-03-26T22:54:38","slug":"privacy","status":"publish","type":"page","link":"http:\/\/www.ilgirasoledeifolletti.it\/?page_id=86","title":{"rendered":"PRIVACY"},"content":{"rendered":"<p align=\"center\"><small><strong>INFORMATIVA PRIVACY<\/strong><\/small><\/p>\n<p align=\"center\"><small><strong>INFORMATIVA SUL TRATTAMENTO DEI DATI PERSONALI,<\/strong><\/small><\/p>\n<p align=\"center\"><small><strong>AI SENSI DELL\u2019ART.\u00a013 E 14 DEL REGOLAMENTO UE 2016\/679 DEL 27 APRILE 2016<\/strong><\/small><\/p>\n<p><small>\u00a0<\/small><\/p>\n<p><small>Ai fini previsti dal Regolamento UE 2016\/679 del 27 aprile 2016 relativo al trattamento dei dati personali, si fa presente quanto segue:<\/small><\/p>\n<p><small><strong>TITOLARE DEL TRATTAMENTO:<\/strong>\u00a0<\/small><small>Il Girasole Dei Folletti\u00a0S.r.l.<\/small><small>\u00a0<\/small><\/p>\n<p><small><strong>RESPONSABILE DELLA PROTEZIONE DEI DATI \u2013 RPD:<\/strong> Nelle more della finalizzazione delle procedure previste dalla normativa vigente, la titolarit\u00e0 del RPD \u00e8 affidata alla titolare mail:\u00a0<\/small><a href=\"mailto:info@ilgirasoledeifolletti.it\"><small>info@ilgirasoledeifolletti.it<\/small><\/a><\/p>\n<p><small><strong>FINALIT\u00c1 DEL TRATTAMENTO:<\/strong>\u00a0il trattamento \u00e8 finalizzato unicamente alla corretta e completa esecuzione dell\u2019incarico e\/o dell\u2019attivit\u00e0 di assistenza secondo le finalit\u00e0 proprie dell\u2019azienda, nonch\u00e9 per l\u2019adempimento delle attivit\u00e0 contabili e amministrative dell\u2019azienda medesima.<\/small><\/p>\n<p><small><strong>MODALIT\u00c1 DEL TRATTAMENTO DEI DATI PERSONALI:<\/strong>\u00a0il trattamento \u00e8 realizzato attraverso operazioni, effettuate con o senza l\u2019ausilio di strumenti informatici e consiste nella raccolta, registrazione, organizzazione, conservazione, consultazione, elaborazione modificazione, selezione, estrazione, raffronto, utilizzo interconnessione, blocco, comunicazione, cancellazione e distruzione dei dati personali. Il trattamento \u00e8 svolto dal Titolare, dal Responsabile e dagli Incaricati espressamente autorizzati dal Titolare, come riportato sull\u2019Organigramma della Privacy in materia di Protezione dei Dati Personali.<\/small><\/p>\n<p><small><strong>CONFERIMENTO DEI DATI E RIFIUTO: <\/strong>il conferimento dei dati personali comuni, sensibili e giudiziali \u00e8 necessario ai fini dello svolgimento delle attivit\u00e0 di cui al punto c) e il rifiuto da parte dell\u2019interessato di conferire i dati personali comporta l\u2019impossibilit\u00e0 di adempiere alle attivit\u00e0 di cui al punto c).<\/small><\/p>\n<p><small><strong>COMUNICAZIONE DEI DATI: <\/strong>i\u00a0dati personali possono venire a conoscenza esclusivamente dagli incaricati del trattamento e possono essere comunicati per le finalit\u00e0 di cui al punto c) a (in via meramente esemplificativa) collaboratori esterni, consulenti legali, fiscali, contabili, ed in generale a tutti i soggetti i quali la comunicazione \u00e8 necessaria per il corretto espletamento dell\u2019incarico e\/o delle attivit\u00e0, e per le finalit\u00e0 di cui al punto c).\u00a0I dati personali non sono soggetti a diffusione.<\/small><\/p>\n<p><small><strong>TRATTAMENTO DEI DATI ALL\u2019ESTERO:<\/strong> Il Girasole dei folletti non trasferisce i dati personali raccolti verso paesi dell\u2019Unione Europea n\u00e9 verso Paesi Extra UE.<\/small><\/p>\n<p><small><strong>CONSERVAZIONE DEI DATI:<\/strong> i dati sono conservati per il periodo necessario all\u2019espletamento delle attivit\u00e0 e comunque non superiore a dieci anni, come riportato sul Registro delle attivit\u00e0 di trattamento (art.30 c.1 e c.2 del Regolamento UE 2016\/679 \u2013 GDPR).<\/small><\/p>\n<p><small><strong>DIRITTI DELL\u2019INTERESSATO\/A<\/strong> \u2013 L\u2019interessato ha diritto:<\/small><\/p>\n<p><small>all\u2019accesso, rettifica, cancellazione, limitazione e opposizione al trattamento dei dati personali;<\/small><\/p>\n<p><small>ad ottenere senza impedimenti dal Titolare del trattamento i dati in un formato strutturato di uso comune e leggibile da dispositivo automatico per trasmetterli ad un altro Titolare del trattamento;<\/small><\/p>\n<p><small>a revocare il consenso al trattamento, senza pregiudizio per la liceit\u00e0 del trattamento basata sul consenso acquisito prima della revoca;<\/small><\/p>\n<p><small>proporre reclamo all\u2019Autorit\u00e0 Garante per la Protezione dei Dati Personali.<\/small><\/p>\n<p><small>L\u2019esercizio dei premessi diritti pu\u00f2 essere esercitato mediante comunicazione scritta da inviare a mezzo\u00a0<\/small><small>info@ilgirasoledeifolletti.it<\/small><small> o lettera raccomandata a\/r all\u2019indirizzo Roma (RM),\u00a0<\/small><small>Il Girasole Dei Folletti\u00a0S.r.l. &#8211; Via Ivanoe Bonomi, 175\/185<\/small><small>.<\/small><\/p>\n<p><small>\u00a0<\/small><small><strong>Informativa sull\u2019uso dei cookie<\/strong><b><br \/>\n<\/b><br \/>\nIl sito web utilizza cookie e tecnologie simili per garantire il corretto funzionamento delle procedure e migliorare l\u2019esperienza di uso delle applicazioni online e dei contenuti presenti. Il presente documento fornisce informazioni dettagliate sull\u2019uso dei cookie e di tecnologie similari.<\/small><\/p>\n<p><small>Definizioni<br \/>\nI cookie sono brevi frammenti di testo (lettere e\/o numeri) che permettono al server web di memorizzare sul client (il browser) informazioni da riutilizzare nel corso della medesima visita al sito (cookie di sessione) o in seguito, anche a distanza di giorni (cookie persistenti). I cookie vengono memorizzati, in base alle preferenze dell\u2019utente, dal singolo browser sullo specifico dispositivo utilizzato (computer, tablet, smartphone).<\/small><\/p>\n<p><small>Tecnologie similari, come, ad esempio, web beacon, GIF trasparenti e tutte le forme di storage locale introdotte con HTML5, sono utilizzabili per raccogliere informazioni sul comportamento dell\u2019utente e sull\u2019utilizzo dei servizi.<\/small><\/p>\n<p><small>Nel seguito di questo documento faremo riferimento ai cookie e a tutte le tecnologie similari utilizzando semplicemente il termine \u201ccookie\u201d.<\/small><\/p>\n<p><small>Tipologie di cookie<\/small><\/p>\n<p><small>In base alle caratteristiche e all\u2019utilizzo dei cookie possiamo distinguere diverse categorie:<br \/>\nCookie strettamente necessari. Si tratta di cookie indispensabili per il corretto funzionamento del sito.<br \/>\nCookie di analisi e prestazioni. Sono cookie utilizzati per raccogliere e analizzare il traffico e l\u2019utilizzo del sito in modo anonimo. Questi cookie, pur senza identificare l\u2019utente, consentono, per esempio, di rilevare se il medesimo utente torna a collegarsi in momenti diversi. Permettono inoltre di monitorare il sistema e migliorarne le prestazioni e l\u2019usabilit\u00e0. La disattivazione di tali cookie pu\u00f2 essere eseguita senza alcuna perdita di funzionalit\u00e0.<br \/>\nCookie di profilazione. Si tratta di cookie permanenti utilizzati per identificare (in modo anonimo e non) le preferenze dell\u2019utente e migliorare la sua esperienza di navigazione.<br \/>\nCookie di terze parti<br \/>\nVisitando un sito web si possono ricevere cookie sia dal sito visitato (\u201cproprietari\u201d), sia da siti gestiti da altre organizzazioni (\u201cterze parti\u201d).<br \/>\nLa presenza di questi plugin comporta la trasmissione di cookie da e verso tutti i siti gestiti da terze parti. La gestione delle informazioni raccolte da \u201cterze parti\u201d \u00e8 disciplinata dalle relative informative cui si prega di fare riferimento. Per garantire una maggiore trasparenza e comodit\u00e0, si riportano qui di seguito gli indirizzi web delle diverse informative e delle modalit\u00e0 per la gestione dei cookie.<\/small><\/p>\n<p><small><a href=\"http:\/\/informativa%20sull%27uso%20dei%20cookie%20i%20siti%20web%20di%20almalaurea%20utilizzano%20cookie%20e%20tecnologie%20simili%20per%20garantire%20il%20corretto%20funzionamento%20delle%20procedure%20e%20migliorare%20l%27esperienza%20di%20uso%20delle%20applicazioni%20online.%20il%20presente%20documento%20fornisce%20informazioni%20dettagliate%20sull%27uso%20dei%20cookie%20e%20di%20tecnologie%20similari,%20su%20come%20sono%20utilizzati%20da%20almalaurea%20e%20su%20come%20gestirli.%20definizioni%20i%20cookie%20sono%20brevi%20frammenti%20di%20testo%20%28lettere%20e\/o%20numeri%29%20che%20permettono%20al%20server%20web%20di%20memorizzare%20sul%20client%20%28il%20browser%29%20informazioni%20da%20riutilizzare%20nel%20corso%20della%20medesima%20visita%20al%20sito%20%28cookie%20di%20sessione%29%20o%20in%20seguito,%20anche%20a%20distanza%20di%20giorni%20%28cookie%20persistenti%29.%20I%20cookie%20vengono%20memorizzati,%20in%20base%20alle%20preferenze%20dell%27utente,%20dal%20singolo%20browser%20sullo%20specifico%20dispositivo%20utilizzato%20%28computer,%20tablet,%20smartphone%29.%20Tecnologie%20similari,%20come,%20ad%20esempio,%20web%20beacon,%20GIF%20trasparenti%20e%20tutte%20le%20forme%20di%20storage%20locale%20introdotte%20con%20HTML5,%20sono%20utilizzabili%20per%20raccogliere%20informazioni%20sul%20comportamento%20dell%27utente%20e%20sull%27utilizzo%20dei%20servizi.%20Nel%20seguito%20di%20questo%20documento%20faremo%20riferimento%20ai%20cookie%20e%20a%20tutte%20le%20tecnologie%20similari%20utilizzando%20semplicemente%20il%20termine%20%E2%80%9Ccookie%E2%80%9D.%20Tipologie%20di%20cookie%20In%20base%20alle%20caratteristiche%20e%20all%27utilizzo%20dei%20cookie%20possiamo%20distinguere%20diverse%20categorie:%20Cookie%20strettamente%20necessari.%20Si%20tratta%20di%20cookie%20indispensabili%20per%20il%20corretto%20funzionamento%20dei%20siti%20AlmaLaurea%20e%20sono%20utilizzati%20per%20gestire%20il%20login%20e%20l%27accesso%20alle%20funzioni%20riservate%20del%20sito.%20La%20durata%20dei%20cookie%20%C3%A8%20strettamente%20limitata%20alla%20sessione%20di%20lavoro%25\" target=\"_blank\" rel=\"noopener\">Facebook informativa<\/a><\/small><\/p>\n<p><small><\/small><small><a href=\"https:\/\/support.twitter.com\/articles\/20170514\" target=\"_blank\" rel=\"noopener\">Twitter informativa<\/a><\/small><\/p>\n<p><small>Durata dei cookie<\/small><\/p>\n<p><small>Il Girasole dei Folletti.it, NON fa uso di cookie persistenti. Tuttavia, navigando sulle pagine del sito, si pu\u00f2 interagire con siti gestiti da terze parti che possono creare o modificare cookie permanenti e di profilazione.<\/small><\/p>\n<p><small>Gestione dei cookie<br \/>\nL\u2019utente pu\u00f2 decidere se accettare o meno i cookie utilizzando le impostazioni del proprio browser<\/small><\/p>\n<p><small><\/small><small>La disabilitazione dei cookie \u201cterze parti\u201d non pregiudica in alcun modo la navigabilit\u00e0.<\/small><\/p>\n<p><small>L\u2019impostazione pu\u00f2 essere definita in modo specifico per i diversi siti e applicazioni web. Inoltre i migliori browser consentono di definire impostazioni diverse per i cookie \u201cproprietari\u201d e per quelli di \u201cterze parti\u201d.<\/small><\/p>\n<p><small><\/small><small><a href=\"https:\/\/support.google.com\/chrome\/answer\/95647?hl=it\" target=\"_blank\" rel=\"noopener\">Chrome<\/a><\/small><\/p>\n<p><small><a href=\"https:\/\/support.mozilla.org\/it\/kb\/Gestione%20dei%20cookie\" target=\"_blank\" rel=\"noopener\">Firefox<\/a><\/small><\/p>\n<p><small><a href=\"http:\/\/windows.microsoft.com\/it-it\/windows7\/how-to-manage-cookies-in-internet-explorer-9\" target=\"_blank\" rel=\"noopener\">Internet Explorer<\/a><\/small><\/p>\n<p><small><a href=\"http:\/\/help.opera.com\/Windows\/10.00\/it\/cookies.html\" target=\"_blank\" rel=\"noopener\">Opera<\/a><\/small><\/p>\n<p><small><a href=\"http:\/\/support.apple.com\/kb\/HT1677?viewlocale=it_IT\" target=\"_blank\" rel=\"noopener\">Safari<\/a><\/small><\/p>\n<h4><small><span class=\"TITLE_WHITE\"><span style=\"font-size: inherit;\">Scopri la nostra <a href=\"http:\/\/www.ilgirasoledeifolletti.it\/?page_id=95\">giornata tipo<\/a><\/span><br \/>\n<\/span><\/small><small><span class=\"TITLE_WHITE\">Guarda il nostro <a href=\"http:\/\/www.ilgirasoledeifolletti.it\/?page_id=107\">men\u00f9 settimanale<\/a><\/span><\/small><\/h4>\n","protected":false},"excerpt":{"rendered":"<p>INFORMATIVA PRIVACY INFORMATIVA SUL TRATTAMENTO DEI DATI PERSONALI, AI SENSI DELL\u2019ART.\u00a013 E 14 DEL REGOLAMENTO UE 2016\/679 DEL 27 APRILE &hellip; <a href=\"http:\/\/www.ilgirasoledeifolletti.it\/?page_id=86\" class=\"more-link\"><span class=\"more-button\">Continue Reading<span class=\"screen-reader-text\">PRIVACY<\/span><\/span><\/a><\/p>\n","protected":false},"author":1,"featured_media":0,"parent":0,"menu_order":0,"comment_status":"closed","ping_status":"closed","template":"","meta":{"footnotes":""},"class_list":["post-86","page","type-page","status-publish","hentry"],"_links":{"self":[{"href":"http:\/\/www.ilgirasoledeifolletti.it\/index.php?rest_route=\/wp\/v2\/pages\/86","targetHints":{"allow":["GET"]}}],"collection":[{"href":"http:\/\/www.ilgirasoledeifolletti.it\/index.php?rest_route=\/wp\/v2\/pages"}],"about":[{"href":"http:\/\/www.ilgirasoledeifolletti.it\/index.php?rest_route=\/wp\/v2\/types\/page"}],"author":[{"embeddable":true,"href":"http:\/\/www.ilgirasoledeifolletti.it\/index.php?rest_route=\/wp\/v2\/users\/1"}],"replies":[{"embeddable":true,"href":"http:\/\/www.ilgirasoledeifolletti.it\/index.php?rest_route=%2Fwp%2Fv2%2Fcomments&post=86"}],"version-history":[{"count":3,"href":"http:\/\/www.ilgirasoledeifolletti.it\/index.php?rest_route=\/wp\/v2\/pages\/86\/revisions"}],"predecessor-version":[{"id":317,"href":"http:\/\/www.ilgirasoledeifolletti.it\/index.php?rest_route=\/wp\/v2\/pages\/86\/revisions\/317"}],"wp:attachment":[{"href":"http:\/\/www.ilgirasoledeifolletti.it\/index.php?rest_route=%2Fwp%2Fv2%2Fmedia&parent=86"}],"curies":[{"name":"wp","href":"https:\/\/api.w.org\/{rel}","templated":true}]}}