{"id":68,"date":"2021-03-21T11:28:25","date_gmt":"2021-03-21T10:28:25","guid":{"rendered":"http:\/\/www.ilgirasoledeifolletti.it\/?page_id=68"},"modified":"2021-03-27T10:17:23","modified_gmt":"2021-03-27T09:17:23","slug":"attivita","status":"publish","type":"page","link":"http:\/\/www.ilgirasoledeifolletti.it\/?page_id=68","title":{"rendered":"ATTIVITA&#8217;"},"content":{"rendered":"<h2><small><span class=\"TITLE_WHITE\"><strong>Tante attivit\u00e0 per far grande il tuo bambino.<\/strong><\/span><\/small><\/h2>\n<h4><small><span class=\"TITLE_WHITE\">LABORATORIO DI PSICOMOTRICITA&#8217;<\/span><\/small><\/h4>\n<p><small><span class=\"TITLE_WHITE\">Serve a fornire l&#8217;idea complessiva di come il bambino possa valersi di interventi educativi appropriati atti a favorirgli la comprensione di se attraverso il movimento, che da casuale e approssimativo diventa controllato, coordinato, intenzionale.<\/span><\/small><br \/>\n<small><span class=\"TITLE_WHITE\">Il laboratorio prevede varie attivit\u00e0 tra cui:<br \/>\n<\/span><\/small><em><small><span class=\"TITLE_WHITE\">\u2022 Ginnastica attraverso percorsi, da semplici a complessi.<br \/>\n<\/span><\/small><small><span class=\"TITLE_WHITE\">\u2022 Giochi con la palla<br \/>\n<\/span><\/small><small><span class=\"TITLE_WHITE\">\u2022 Balli con musica<br \/>\n<\/span><\/small><small><span class=\"TITLE_WHITE\">\u2022 Canzoncine di movimento<\/span><\/small><\/em><\/p>\n<h4><small><\/small><small><\/small><small><span class=\"TITLE_WHITE\">LABORATORIO DI MANIPOLAZIONE<\/span><\/small><\/h4>\n<p><small><span class=\"TITLE_WHITE\">Attraverso le attivit\u00e0 manipolative il bambino potr\u00e0 sviluppare la coordinazione oculo-manuale.<\/span><\/small><br \/>\n<small><span class=\"TITLE_WHITE\">Il laboratorio prevede varie attivit\u00e0 tra cui:<br \/>\n<\/span><\/small><em><small><span class=\"TITLE_WHITE\">\u2022 Did\u00f2, pongo, pasta di cera, preparazione pasta di sale.<br \/>\n<\/span><\/small><small><span class=\"TITLE_WHITE\">\u2022 Disegno con varie tecniche<br \/>\n<\/span><\/small><small><span class=\"TITLE_WHITE\">\u2022 Tombola del tatto e sensoriale<br \/>\n<\/span><\/small><small><span class=\"TITLE_WHITE\">\u2022 Scatola azzurra: richiama il colore del cielo, del mare, del fiume e del lago.<br \/>\nNella scatola il bambino pu\u00f2 giocare a lungo con sabbia, acqua, terra, farina, conchiglie, sassi, rami, etc&#8230; anche se si trova all&#8217;interno della propria scuola. Questo gioco mette in moto fortemente e spontaneamente la capacit\u00e0 di raccontare, esprimere il proprio mondo interiore, la propria creativit\u00e0, il proprio immaginario.<br \/>\n<\/span><\/small><small><span class=\"TITLE_WHITE\">\u2022 Cestino dei tesori: lo scopo degli oggetti, di materiale naturale, contenuti nel cesto \u00e8 quello di offrire la massima variet\u00e0 di stimoli ai 5 sensi: al tatto attraverso la diversa consistenza, forma e peso degli oggetti, all&#8217;olfatto attraverso la variet\u00e0 di odori dei materiali, al gusto, quest&#8217;ambito \u00e8 pi\u00f9 limitato ma i materiali offrono sapori diversi, all&#8217;udito attraverso i diversi rumori offerti dalla manipolazione degli oggetti, alla vista attraverso il colore, la forma, la lucentezza degli oggetti.<br \/>\n<\/span><\/small><small><span class=\"TITLE_WHITE\">\u2022 Gioco euristico: tra i principali obiettivi di tale gioco troviamo:<br \/>\n&#8211; incoraggiare l&#8217;uso della creativit\u00e0<br \/>\n&#8211; stimolare la sensibilit\u00e0 al tatto, tramite l&#8217;uso di oggetti di materiale diverso<br \/>\n&#8211; abbozzare un primo processo logico, attraverso la suddivisione per categorie e l&#8217;utilizzo del materiale offerto in pi\u00f9 varianti.<\/span><\/small><\/em><\/p>\n<h4><small><\/small><small><span class=\"TITLE_WHITE\">LABORATORIO GRAFICO PITTORICO<\/span><\/small><\/h4>\n<p><small><span class=\"TITLE_WHITE\">Attraverso questo laboratorio i bambini potranno esprimere al massimo la propria spontaneit\u00e0 e creativit\u00e0.<\/span><\/small><br \/>\n<small><span class=\"TITLE_WHITE\">Il laboratorio prevede varie attivit\u00e0 tra cui:<br \/>\n<em><span style=\"font-size: inherit;\">\u2022 Disegno libero con varie tecniche: (matite colorate, colori a cera, pennarelli, colori a dita, tempere, acquarelli, tecnica dei rulli con fogli appesi al muro)<\/span><\/em><br \/>\n<\/span><\/small><em><small><span class=\"TITLE_WHITE\">\u2022 Collage libero e guidato<\/span><\/small><\/em><\/p>\n<h4><small><\/small><small><span class=\"TITLE_WHITE\">LABORATORIO DELLA LETTURA<\/span><\/small><\/h4>\n<p><small><span class=\"TITLE_WHITE\">Il bambino sin dalla nascita viene a contatto con il mondo del linguaggio e per questo gli educatori dovranno utilizzare un codice elaborato, ricco di frasi complete ed elaborate, tali da conferire un senso vivo e reale alle situazioni in atto.<\/span><\/small><br \/>\n<small><span class=\"TITLE_WHITE\">Il laboratorio prevede varie attivit\u00e0 tra cui:<br \/>\n<em><span style=\"font-size: inherit;\">\u2022 Lettura di immagini<\/span><\/em><br \/>\n<\/span><\/small><em><small><span class=\"TITLE_WHITE\">\u2022 Fotografie o diapositive<br \/>\n<\/span><\/small><small><span class=\"TITLE_WHITE\">\u2022 Lettura di fiabe<\/span><\/small><\/em><\/p>\n<h4><small><\/small><small><span class=\"TITLE_WHITE\">LABORATORIO DEL GIOCO SIMBOLICO E TEATRALE<\/span><\/small><\/h4>\n<p><small><\/small><small><span class=\"TITLE_WHITE\">Sono giochi molto divertenti che permettono ai bambini di riprodurre personaggi delle loro esperienza; dall&#8217;attivit\u00e0 quotidiana verr\u00e0 imitata l&#8217;attivit\u00e0 del babbo, della mamma, dei nonni, dei fratelli, ect.<br \/>\nVengono usati cappelli, borse, abbigliamento di vario genere.<br \/>\nLo spazio teatro ospiter\u00e0\u00a0piccoli gruppi di bambini che, di volta in volta, con l&#8217;aiuto delle insegnanti svolgeranno giochi di imitazione.<br \/>\n<span style=\"font-size: inherit;\">Il laboratorio prevede varie attivit\u00e0 tra cui:<\/span><br \/>\n<\/span><\/small><small><span class=\"TITLE_WHITE\"><em><span style=\"font-size: inherit;\">\u2022 Spettacolo di fiabe attraverso il teatrino<\/span><\/em><\/span><\/small><\/p>\n<h4><small><\/small><small><\/small><small><\/small><small><span class=\"TITLE_WHITE\">LABORATORIO MUSICALE<\/span><\/small><\/h4>\n<p><small><span class=\"TITLE_WHITE\">L&#8217;educazione musicale deve costituire una pratica spontanea e costante dei momenti quotidiani della vita in asilo. L&#8217;uso di cd che rallegrino con canzoncine per bambini, i momenti di transizione (ingresso, preparazione al pasto e all&#8217;uscita); il canto delle educatrici, che accompagni ed esalti i momenti della giornata del bambino, costituiscono la premessa dell&#8217;assimilazione di ritmo e musicalit\u00e0.<br \/>\nIn particolare il nostro laboratorio si avvale del metodo Gordon: il materiale didattico proposto, per prima cosa, \u00e8 costituito da canzoni e canti ritmici senza testi, che rispondono a tre criteri fondamentali: variet\u00e0, complessit\u00e0 e ripetizione.<br \/>\nNon soltanto canzoncine in modo maggiore e metro binario, dunque, ma canzoni e canti ritmici in tutti i modi e i metri possibili, fin dall&#8217;inizio del percorso didattico. L&#8217;uso della voce e del corpo in movimento, pi\u00f9 che di strumenti e strumentini da far suonare ai piccoli allievi, arricchisce il quadro di una metodologia che si focalizza nei concetti di guida informale ed educazione pi\u00f9 che insegnamento.<\/span><\/small><\/p>\n<h4><small><\/small><small><span class=\"TITLE_WHITE\">LABORATORIO GEO AMBIENTALE<\/span><\/small><\/h4>\n<p><small><span class=\"TITLE_WHITE\">Attraverso questo laboratorio si propone il riconoscimento della ciclicit\u00e0 del tempo, attraverso la conoscenza degli eventi legato alle stagioni, utilizzando figure ed oggetti del mondo animale e vegetale; il senso dello spazio; l&#8217;ordine e la misura (creare, progettare, sapersi orientare, ordinare e misurare).<br \/>\nIn particolare i centri di interesse, quando il tempo lo consente possono essere agevolmente allestiti anche all&#8217;aperto: nelle belle giornate si possono anche inventare nuovi giochi all&#8217;aria aperta e cogliere l&#8217;occasione per osservare la natura e imparare a conoscerla.<br \/>\nLo spazio giardino del nido \u00e8 fornito di un&#8217;attrezzatura idonea: strumenti per la cura delle piante, vasche di sabbia, travasi con acqua e molto altro ancora.<br \/>\nAll&#8217;interno della struttura, invece, \u00e8 previsto uno spazio per la raccolta degli progetti educativi, testi specializzati per il metodo geo-ambientale.<\/span><\/small><\/p>\n<h4><small><\/small><small><span class=\"TITLE_WHITE\">Scopri la nostra <a href=\"http:\/\/www.ilgirasoledeifolletti.it\/?page_id=95\">giornata tipo<\/a><\/span><\/small><\/h4>\n<p><img loading=\"lazy\" decoding=\"async\" class=\"aligncenter wp-image-113 size-full\" src=\"http:\/\/www.ilgirasoledeifolletti.it\/wp-content\/uploads\/2021\/03\/attivita.jpg\" alt=\"\" width=\"1360\" height=\"240\" srcset=\"http:\/\/www.ilgirasoledeifolletti.it\/wp-content\/uploads\/2021\/03\/attivita.jpg 1360w, http:\/\/www.ilgirasoledeifolletti.it\/wp-content\/uploads\/2021\/03\/attivita-300x53.jpg 300w, http:\/\/www.ilgirasoledeifolletti.it\/wp-content\/uploads\/2021\/03\/attivita-1024x181.jpg 1024w, http:\/\/www.ilgirasoledeifolletti.it\/wp-content\/uploads\/2021\/03\/attivita-768x136.jpg 768w\" sizes=\"auto, (max-width: 1360px) 100vw, 1360px\" \/><\/p>\n","protected":false},"excerpt":{"rendered":"<p>Tante attivit\u00e0 per far grande il tuo bambino. LABORATORIO DI PSICOMOTRICITA&#8217; Serve a fornire l&#8217;idea complessiva di come il bambino &hellip; <a href=\"http:\/\/www.ilgirasoledeifolletti.it\/?page_id=68\" class=\"more-link\"><span class=\"more-button\">Continue Reading<span class=\"screen-reader-text\">ATTIVITA&#8217;<\/span><\/span><\/a><\/p>\n","protected":false},"author":1,"featured_media":0,"parent":0,"menu_order":0,"comment_status":"closed","ping_status":"closed","template":"","meta":{"footnotes":""},"class_list":["post-68","page","type-page","status-publish","hentry"],"_links":{"self":[{"href":"http:\/\/www.ilgirasoledeifolletti.it\/index.php?rest_route=\/wp\/v2\/pages\/68","targetHints":{"allow":["GET"]}}],"collection":[{"href":"http:\/\/www.ilgirasoledeifolletti.it\/index.php?rest_route=\/wp\/v2\/pages"}],"about":[{"href":"http:\/\/www.ilgirasoledeifolletti.it\/index.php?rest_route=\/wp\/v2\/types\/page"}],"author":[{"embeddable":true,"href":"http:\/\/www.ilgirasoledeifolletti.it\/index.php?rest_route=\/wp\/v2\/users\/1"}],"replies":[{"embeddable":true,"href":"http:\/\/www.ilgirasoledeifolletti.it\/index.php?rest_route=%2Fwp%2Fv2%2Fcomments&post=68"}],"version-history":[{"count":10,"href":"http:\/\/www.ilgirasoledeifolletti.it\/index.php?rest_route=\/wp\/v2\/pages\/68\/revisions"}],"predecessor-version":[{"id":330,"href":"http:\/\/www.ilgirasoledeifolletti.it\/index.php?rest_route=\/wp\/v2\/pages\/68\/revisions\/330"}],"wp:attachment":[{"href":"http:\/\/www.ilgirasoledeifolletti.it\/index.php?rest_route=%2Fwp%2Fv2%2Fmedia&parent=68"}],"curies":[{"name":"wp","href":"https:\/\/api.w.org\/{rel}","templated":true}]}}